{"id":77,"date":"2016-01-19T19:06:39","date_gmt":"2016-01-19T19:06:39","guid":{"rendered":"http:\/\/ceesp.org.mx\/wp\/?page_id=77"},"modified":"2016-01-19T19:06:39","modified_gmt":"2016-01-19T19:06:39","slug":"77-2","status":"publish","type":"page","link":"https:\/\/ceesp.org.mx\/index.php\/77-2\/","title":{"rendered":""},"content":{"rendered":"<div id=\"fb-root\"><\/div>\n<h1 class=\"post_title single\">Acerca del CEESP<\/h1>\n<div class=\"post_content\">\n<div id=\"fb-root\" class=\" fb_reset\">\n<div><\/div>\n<\/div>\n<p class=\"Estilo10\" align=\"justify\">El Centro de Estudios Econ\u00f3micos del Sector Privado (CEESP) se fund\u00f3 en 1963 ante la necesidad del sector empresarial de contar con una instituci\u00f3n que elaborara el an\u00e1lisis e investigaci\u00f3n de la coyuntura econ\u00f3mica.<\/p>\n<p class=\"Estilo10\" align=\"justify\">El compromiso del CEESP es llevar a cabo investigaci\u00f3n econ\u00f3mica y pol\u00edtica, objetiva e independiente, que contribuya a la definici\u00f3n de la pol\u00edtica econ\u00f3mica y de las pol\u00edticas p\u00fablicas que aseguren un entorno econ\u00f3mico y social, m\u00e1s competitivo y mas equitativo, que propicie un desarrollo sustentable.<\/p>\n<p class=\"Estilo10\" align=\"justify\">El CEESP es tambi\u00e9n el \u00f3rgano asesor en materia econ\u00f3mica del Consejo Coordinador Empresarial y de empresas de primer nivel en M\u00e9xico. La calidad de su investigaci\u00f3n y an\u00e1lisis ha permitido a las organizaciones empresariales y a las unidades productivas dsiponer de asesor\u00eda s\u00f3lida y confiable para la acertada toma de decisiones.<\/p>\n<p class=\"Estilo10\" align=\"justify\">A lo largo de sus 50 a\u00f1os de existencia, el CEESP ha logrado consolidarse como un centro l\u00edder de investigaci\u00f3n, una excelente referencia para la toma de decisiones del sector empresarial y la mejor propuesta del sector privado para la definici\u00f3n de pol\u00edticas p\u00fablicas que permitan un desarrollo econ\u00f3mico y social sostenido.<\/p>\n<p class=\"Estilo9\" align=\"justify\"><strong>Misi\u00f3n.<\/strong><\/p>\n<p class=\"Estilo10\" align=\"justify\">La misi\u00f3n del CEESP es realizar investigaci\u00f3n econ\u00f3mica objetiva e independiente que proporcione a la comunidad empresarial informaci\u00f3n y an\u00e1lisis para la acertada toma de decisiones.<\/p>\n<p class=\"Estilo10\" align=\"justify\">A trav\u00e9s de sus estudios, el CEESP diagnostica y pronostica de manera sistem\u00e1tica las principales variables econ\u00f3micas que afcetan el entorno de las empresas. Esto representa una valiosa herramienta, ya que la informaci\u00f3n que ofrece es confiable y oportuna. Los resultados de sus estudios y opiniones se difunden a trav\u00e9s de diversos medios como: publicaciones, seminarios, conferencias y asesor\u00edas.<\/p>\n<p class=\"Estilo9\" align=\"justify\"><strong>Actividades.<\/strong><\/p>\n<p class=\"Estilo10\" align=\"justify\">Las actividades del CEESP incluyen la realizaci\u00f3n de investigaciones, an\u00e1lisis de la coyuntura econ\u00f3mica y pol\u00edticas p\u00fablicas, y la difusi\u00f3n de tales estudios en la forma de conferencias, seminarios, publicaci\u00f3nes y reuniones con empresas, entidades p\u00fablicas y medios de comunicaci\u00f3n.<\/p>\n<p class=\"Estilo10\" align=\"justify\">Los an\u00e1lisis e investigaciones del CEESP se generan a partir de una demanda especi\u00edfica, es decir de la necesidad que tienen las empresas y otros agentes econ\u00f3micos de contar con informaci\u00f3n oportuna y confiable para la buena toma de decisiones. Adem\u00e1s, este centro de estudios da constante seguimiento y an\u00e1lisis a las pol\u00edticas p\u00fablicas para que contribuyan a un mayor desarrollo del pa\u00eds. Como parte de su labor en materia de definici\u00f3n de pol\u00edticas p\u00fablicas as\u00ed como de la evaluaci\u00f3n de su impacto social y econ\u00f3mico, este centro de estudios da seguimiento a las iniciativas de Ley que se discuten tanto en la C\u00e1mara de Diputados como en la de Senadores.<\/p>\n<p class=\"Estilo10\" align=\"justify\">El CEESP tiene una estrecha colaboraci\u00f3n con instituciones acad\u00e9micas, financieras y p\u00fablicas. Participa como jurado de reconocidos premios tales como el Premio Banamex de Econom\u00eda, el Premio Internacional de Investigaci\u00f3n Financiera IMEF-Deloitte y concursos por el Banco de M\u00e9xico, como es el Premio Contacto Banxico.<\/p>\n<p align=\"justify\"><strong>\u00a0An\u00e1lisis e Investigaci\u00f3n.<\/strong><\/p>\n<p class=\"Estilo10\" align=\"justify\">Los especialistas del CEESP se dedican al an\u00e1lisis de temas de actualidad y especial relevancia, que se agrupan en seis grandes \u00e1reas de an\u00e1lisis e investigaci\u00f3n, estas son:<\/p>\n<ol>\n<li class=\"Estilo10\">Entorno Econ\u00f3mico.<\/li>\n<li class=\"Estilo10\">Finanzas P\u00fablicas.<\/li>\n<li class=\"Estilo10\">Pol\u00edticas P\u00fablicas y Desarrollo Sustentable.<\/li>\n<li class=\"Estilo10\">Gobierno Eficaz y Transparente.<\/li>\n<li class=\"Estilo10\">An\u00e1lisis Sectorial y Regional.<\/li>\n<li class=\"Estilo10\">Entorno Pol\u00edtico.<\/li>\n<\/ol>\n<p class=\"Estilo9\" align=\"justify\"><strong>Confiabilidad.<\/strong><\/p>\n<p class=\"Estilo10\" align=\"justify\">El an\u00e1lisis que desarrolla el CEESP cuenta con gran credibilidad en diversos \u00e1mbitos, tanto empresariales como gubernamentales, acad\u00e9micos y de los medios de difusi\u00f3n en donde siempre ocupa un sitio de liderazgo.<\/p>\n<p class=\"Estilo10\" align=\"justify\">Esta credibilidad proviene de su:<\/p>\n<ol class=\"Estilo10\">\n<li>Calidad y profundidad.<\/li>\n<li>Enfoque integral de los fen\u00f3menos econ\u00f3micos.<\/li>\n<li>Objetividad y congruencia.<\/li>\n<li>Estrecha relaci\u00f3n con la comunidad empresarial.<\/li>\n<\/ol>\n<p class=\"Estilo10\" align=\"justify\">Por ello, las empresas m\u00e1s destacadas en M\u00e9xico tradicionalmente han apoyado y confiado en el CEESP.<\/p>\n<\/div>\n","protected":false},"excerpt":{"rendered":"<p>Acerca del CEESP El Centro de Estudios Econ\u00f3micos del Sector Privado (CEESP) se fund\u00f3 en 1963 ante la necesidad del sector empresarial de contar con una instituci\u00f3n que elaborara el an\u00e1lisis e investigaci\u00f3n de la coyuntura econ\u00f3mica. El compromiso del CEESP es llevar a cabo investigaci\u00f3n econ\u00f3mica y pol\u00edtica, objetiva e independiente, que contribuya a &#8230; <a title=\"\" class=\"read-more\" href=\"https:\/\/ceesp.org.mx\/index.php\/77-2\/\" aria-label=\"Leer m\u00e1s sobre \">Leer m\u00e1s<\/a><\/p>\n","protected":false},"author":1,"featured_media":0,"parent":0,"menu_order":0,"comment_status":"closed","ping_status":"closed","template":"","meta":{"footnotes":""},"class_list":["post-77","page","type-page","status-publish"],"_links":{"self":[{"href":"https:\/\/ceesp.org.mx\/index.php\/wp-json\/wp\/v2\/pages\/77","targetHints":{"allow":["GET"]}}],"collection":[{"href":"https:\/\/ceesp.org.mx\/index.php\/wp-json\/wp\/v2\/pages"}],"about":[{"href":"https:\/\/ceesp.org.mx\/index.php\/wp-json\/wp\/v2\/types\/page"}],"author":[{"embeddable":true,"href":"https:\/\/ceesp.org.mx\/index.php\/wp-json\/wp\/v2\/users\/1"}],"replies":[{"embeddable":true,"href":"https:\/\/ceesp.org.mx\/index.php\/wp-json\/wp\/v2\/comments?post=77"}],"version-history":[{"count":0,"href":"https:\/\/ceesp.org.mx\/index.php\/wp-json\/wp\/v2\/pages\/77\/revisions"}],"wp:attachment":[{"href":"https:\/\/ceesp.org.mx\/index.php\/wp-json\/wp\/v2\/media?parent=77"}],"curies":[{"name":"wp","href":"https:\/\/api.w.org\/{rel}","templated":true}]}}