{"id":380,"date":"2020-05-08T11:23:48","date_gmt":"2020-05-08T16:23:48","guid":{"rendered":"http:\/\/ceesp.org.mx\/?page_id=380"},"modified":"2026-04-20T12:12:48","modified_gmt":"2026-04-20T17:12:48","slug":"proximamente","status":"publish","type":"page","link":"http:\/\/ceesp.org.mx\/","title":{"rendered":""},"content":{"rendered":"<div id=\"fb-root\"><\/div>\n\t\t<div data-elementor-type=\"wp-page\" data-elementor-id=\"380\" class=\"elementor elementor-380\" data-elementor-post-type=\"page\">\n\t\t\t\t\t\t<section class=\"elementor-section elementor-top-section elementor-element elementor-element-602a9ff3 elementor-section-boxed elementor-section-height-default elementor-section-height-default\" data-id=\"602a9ff3\" data-element_type=\"section\" data-e-type=\"section\">\n\t\t\t\t\t\t<div class=\"elementor-container elementor-column-gap-default\">\n\t\t\t\t\t<div class=\"elementor-column elementor-col-100 elementor-top-column elementor-element elementor-element-33b4549a\" data-id=\"33b4549a\" data-element_type=\"column\" data-e-type=\"column\">\n\t\t\t<div class=\"elementor-widget-wrap\">\n\t\t\t\t\t\t\t<\/div>\n\t\t<\/div>\n\t\t\t\t\t<\/div>\n\t\t<\/section>\n\t\t\t\t<section class=\"elementor-section elementor-top-section elementor-element elementor-element-ba945c6 elementor-section-boxed elementor-section-height-default elementor-section-height-default\" data-id=\"ba945c6\" data-element_type=\"section\" data-e-type=\"section\">\n\t\t\t\t\t\t<div class=\"elementor-container elementor-column-gap-default\">\n\t\t\t\t\t<div class=\"elementor-column elementor-col-100 elementor-top-column elementor-element elementor-element-2b522ed\" data-id=\"2b522ed\" data-element_type=\"column\" data-e-type=\"column\">\n\t\t\t<div class=\"elementor-widget-wrap elementor-element-populated\">\n\t\t\t\t\t\t<div class=\"elementor-element elementor-element-4bb67fb elementor-widget elementor-widget-spacer\" data-id=\"4bb67fb\" data-element_type=\"widget\" data-e-type=\"widget\" data-widget_type=\"spacer.default\">\n\t\t\t\t<div class=\"elementor-widget-container\">\n\t\t\t\t\t\t\t<div class=\"elementor-spacer\">\n\t\t\t<div class=\"elementor-spacer-inner\"><\/div>\n\t\t<\/div>\n\t\t\t\t\t\t<\/div>\n\t\t\t\t<\/div>\n\t\t\t\t<div class=\"elementor-element elementor-element-869c3af elementor-widget__width-inherit elementor--h-position-center elementor--v-position-middle elementor-arrows-position-inside elementor-pagination-position-inside elementor-widget elementor-widget-slides\" data-id=\"869c3af\" data-element_type=\"widget\" data-e-type=\"widget\" data-settings=\"{&quot;navigation&quot;:&quot;both&quot;,&quot;autoplay&quot;:&quot;yes&quot;,&quot;pause_on_hover&quot;:&quot;yes&quot;,&quot;pause_on_interaction&quot;:&quot;yes&quot;,&quot;autoplay_speed&quot;:5000,&quot;infinite&quot;:&quot;yes&quot;,&quot;transition&quot;:&quot;slide&quot;,&quot;transition_speed&quot;:500}\" data-widget_type=\"slides.default\">\n\t\t\t\t<div class=\"elementor-widget-container\">\n\t\t\t\t\t\t\t\t\t<div class=\"elementor-swiper\">\n\t\t\t\t\t<div class=\"elementor-slides-wrapper elementor-main-swiper swiper\" role=\"region\" aria-roledescription=\"carousel\" aria-label=\"Diapositivas\" dir=\"ltr\" data-animation=\"fadeInUp\">\n\t\t\t\t<div class=\"swiper-wrapper elementor-slides\">\n\t\t\t\t\t\t\t\t\t\t<div class=\"elementor-repeater-item-bcbf549 swiper-slide\" role=\"group\" aria-roledescription=\"slide\"><div class=\"swiper-slide-bg\" role=\"img\" aria-label=\"politics\"><\/div><div class=\"elementor-background-overlay\"><\/div><a class=\"swiper-slide-inner\" href=\"https:\/\/ceesp.org.mx\/index.php\/2026\/04\/20\/los-estimulos-a-los-combustibles\/\"><div class=\"swiper-slide-contents\"><div class=\"elementor-slide-heading\">LOS EST\u00cdMULOS A LOS COMBUSTIBLES<\/div><div class=\"elementor-slide-description\">An\u00e1lisis Econ\u00f3mico Ejecutivo\n\n<\/div><div  class=\"elementor-button elementor-slide-button elementor-size-sm\">Ver m\u00e1s<\/div><\/div><\/a><\/div><div class=\"elementor-repeater-item-85f9ded swiper-slide\" role=\"group\" aria-roledescription=\"slide\"><div class=\"swiper-slide-bg\" role=\"img\" aria-label=\"Business concept. Business people discussing the charts and graphs showing the results of their successful teamwork. Selective focus.\"><\/div><div class=\"elementor-background-overlay\"><\/div><a class=\"swiper-slide-inner\" href=\"https:\/\/dnf.com.mx\/empresarios-presentan-propuestas-de-politica-publica\/\"><div class=\"swiper-slide-contents\"><div class=\"elementor-slide-heading\">Empresarios presentan propuestas de pol\u00edtica p\u00fablica<\/div><div  class=\"elementor-button elementor-slide-button elementor-size-sm\">Ver m\u00e1s<\/div><\/div><\/a><\/div>\t\t\t\t<\/div>\n\t\t\t\t\t\t\t\t\t\t\t\t\t\t\t<div class=\"elementor-swiper-button elementor-swiper-button-prev\" role=\"button\" tabindex=\"0\" aria-label=\"Diapositiva anterior\">\n\t\t\t\t\t\t\t<i aria-hidden=\"true\" class=\"eicon-chevron-left\"><\/i>\t\t\t\t\t\t<\/div>\n\t\t\t\t\t\t<div class=\"elementor-swiper-button elementor-swiper-button-next\" role=\"button\" tabindex=\"0\" aria-label=\"Diapositiva siguiente\">\n\t\t\t\t\t\t\t<i aria-hidden=\"true\" class=\"eicon-chevron-right\"><\/i>\t\t\t\t\t\t<\/div>\n\t\t\t\t\t\t\t\t\t\t\t\t\t\t\t\t<div class=\"swiper-pagination\"><\/div>\n\t\t\t\t\t\t\t\t\t\t\t\t<\/div>\n\t\t\t\t<\/div>\n\t\t\t\t\t\t\t\t<\/div>\n\t\t\t\t<\/div>\n\t\t\t\t<div class=\"elementor-element elementor-element-5d7eb4e elementor-widget elementor-widget-heading\" data-id=\"5d7eb4e\" data-element_type=\"widget\" data-e-type=\"widget\" data-widget_type=\"heading.default\">\n\t\t\t\t<div class=\"elementor-widget-container\">\n\t\t\t\t\t<h2 class=\"elementor-heading-title elementor-size-default\">CEESP EN LOS MEDIOS<\/h2>\t\t\t\t<\/div>\n\t\t\t\t<\/div>\n\t\t\t\t\t<\/div>\n\t\t<\/div>\n\t\t\t\t\t<\/div>\n\t\t<\/section>\n\t\t\t\t<section class=\"elementor-section elementor-top-section elementor-element elementor-element-b2a6eda elementor-section-boxed elementor-section-height-default elementor-section-height-default\" data-id=\"b2a6eda\" data-element_type=\"section\" data-e-type=\"section\">\n\t\t\t\t\t\t<div class=\"elementor-container elementor-column-gap-default\">\n\t\t\t\t\t<div class=\"elementor-column elementor-col-66 elementor-top-column elementor-element elementor-element-ffa64e4\" data-id=\"ffa64e4\" data-element_type=\"column\" data-e-type=\"column\">\n\t\t\t<div class=\"elementor-widget-wrap elementor-element-populated\">\n\t\t\t\t\t\t<div class=\"elementor-element elementor-element-e4fdff7 elementor-grid-2 elementor-grid-tablet-2 elementor-grid-mobile-1 elementor-posts--thumbnail-top elementor-widget elementor-widget-posts\" data-id=\"e4fdff7\" data-element_type=\"widget\" data-e-type=\"widget\" data-settings=\"{&quot;classic_columns&quot;:&quot;2&quot;,&quot;classic_columns_tablet&quot;:&quot;2&quot;,&quot;classic_columns_mobile&quot;:&quot;1&quot;,&quot;classic_row_gap&quot;:{&quot;unit&quot;:&quot;px&quot;,&quot;size&quot;:35,&quot;sizes&quot;:[]},&quot;classic_row_gap_tablet&quot;:{&quot;unit&quot;:&quot;px&quot;,&quot;size&quot;:&quot;&quot;,&quot;sizes&quot;:[]},&quot;classic_row_gap_mobile&quot;:{&quot;unit&quot;:&quot;px&quot;,&quot;size&quot;:&quot;&quot;,&quot;sizes&quot;:[]}}\" data-widget_type=\"posts.classic\">\n\t\t\t\t<div class=\"elementor-widget-container\">\n\t\t\t\t\t\t\t<div class=\"elementor-posts-container elementor-posts elementor-posts--skin-classic elementor-grid\" role=\"list\">\n\t\t\t\t<article class=\"elementor-post elementor-grid-item post-1668 post type-post status-publish format-standard has-post-thumbnail hentry category-noticias\" role=\"listitem\">\n\t\t\t\t<a class=\"elementor-post__thumbnail__link\" href=\"http:\/\/ceesp.org.mx\/index.php\/2023\/09\/18\/aguascalientes-se-une-al-proyecto-municipios-competitivos-liderado-por-el-ceesp\/\" tabindex=\"-1\" >\n\t\t\t<div class=\"elementor-post__thumbnail\"><img decoding=\"async\" width=\"300\" height=\"155\" src=\"http:\/\/ceesp.org.mx\/wp-content\/uploads\/2023\/09\/Foto-2-300x155.jpeg\" class=\"attachment-medium size-medium wp-image-1670\" alt=\"\" srcset=\"http:\/\/ceesp.org.mx\/wp-content\/uploads\/2023\/09\/Foto-2-300x155.jpeg 300w, http:\/\/ceesp.org.mx\/wp-content\/uploads\/2023\/09\/Foto-2-1024x529.jpeg 1024w, http:\/\/ceesp.org.mx\/wp-content\/uploads\/2023\/09\/Foto-2-768x396.jpeg 768w, http:\/\/ceesp.org.mx\/wp-content\/uploads\/2023\/09\/Foto-2-1536x793.jpeg 1536w, http:\/\/ceesp.org.mx\/wp-content\/uploads\/2023\/09\/Foto-2.jpeg 1600w\" sizes=\"(max-width: 300px) 100vw, 300px\" \/><\/div>\n\t\t<\/a>\n\t\t\t\t<div class=\"elementor-post__text\">\n\t\t\t\t<h3 class=\"elementor-post__title\">\n\t\t\t<a href=\"http:\/\/ceesp.org.mx\/index.php\/2023\/09\/18\/aguascalientes-se-une-al-proyecto-municipios-competitivos-liderado-por-el-ceesp\/\" >\n\t\t\t\tAguascalientes se une al proyecto \u201cMunicipios Competitivos\u201d liderado por el CEESP\u201d\t\t\t<\/a>\n\t\t<\/h3>\n\t\t\t\t<div class=\"elementor-post__excerpt\">\n\t\t\t\t\t<\/div>\n\t\t\n\t\t<a class=\"elementor-post__read-more\" href=\"http:\/\/ceesp.org.mx\/index.php\/2023\/09\/18\/aguascalientes-se-une-al-proyecto-municipios-competitivos-liderado-por-el-ceesp\/\" aria-label=\"M\u00e1s informaci\u00f3n sobre Aguascalientes se une al proyecto \u201cMunicipios Competitivos\u201d liderado por el CEESP\u201d\" tabindex=\"-1\" >\n\t\t\tRead More \u00bb\t\t<\/a>\n\n\t\t\t\t<\/div>\n\t\t\t\t<\/article>\n\t\t\t\t<article class=\"elementor-post elementor-grid-item post-1327 post type-post status-publish format-standard has-post-thumbnail hentry category-ceesp category-noticias\" role=\"listitem\">\n\t\t\t\t<a class=\"elementor-post__thumbnail__link\" href=\"http:\/\/ceesp.org.mx\/index.php\/2022\/07\/13\/neutra-entrevista-a-carlos-hurtado-director-del-centro-de-estudios-economicos-del-sector-privado-sobre-el-sector-electrico-en-francia\/\" tabindex=\"-1\" >\n\t\t\t<div class=\"elementor-post__thumbnail\"><img decoding=\"async\" width=\"300\" height=\"115\" src=\"http:\/\/ceesp.org.mx\/wp-content\/uploads\/2021\/03\/crecimiento-300x115.jpg\" class=\"attachment-medium size-medium wp-image-653\" alt=\"\" srcset=\"http:\/\/ceesp.org.mx\/wp-content\/uploads\/2021\/03\/crecimiento-300x115.jpg 300w, http:\/\/ceesp.org.mx\/wp-content\/uploads\/2021\/03\/crecimiento-1024x392.jpg 1024w, http:\/\/ceesp.org.mx\/wp-content\/uploads\/2021\/03\/crecimiento-768x294.jpg 768w, http:\/\/ceesp.org.mx\/wp-content\/uploads\/2021\/03\/crecimiento.jpg 1398w\" sizes=\"(max-width: 300px) 100vw, 300px\" \/><\/div>\n\t\t<\/a>\n\t\t\t\t<div class=\"elementor-post__text\">\n\t\t\t\t<h3 class=\"elementor-post__title\">\n\t\t\t<a href=\"http:\/\/ceesp.org.mx\/index.php\/2022\/07\/13\/neutra-entrevista-a-carlos-hurtado-director-del-centro-de-estudios-economicos-del-sector-privado-sobre-el-sector-electrico-en-francia\/\" >\n\t\t\t\tNeutra &#8211; Entrevista a Carlos Hurtado, director del Centro de Estudios Econ\u00f3micos del Sector Privado, sobre el sector el\u00e9ctrico en Francia\t\t\t<\/a>\n\t\t<\/h3>\n\t\t\t\t<div class=\"elementor-post__excerpt\">\n\t\t\t<p>(Fuente: Aristegui Noticias en 88.1, Entrevista ,Carmen Aristegui, 08:18, 13\/07\/2022) Carlos Hurtado, director del Centro de Estudios Econ\u00f3micos del Sector Privado, habl\u00f3 sobre el sector<\/p>\n\t\t<\/div>\n\t\t\n\t\t<a class=\"elementor-post__read-more\" href=\"http:\/\/ceesp.org.mx\/index.php\/2022\/07\/13\/neutra-entrevista-a-carlos-hurtado-director-del-centro-de-estudios-economicos-del-sector-privado-sobre-el-sector-electrico-en-francia\/\" aria-label=\"M\u00e1s informaci\u00f3n sobre Neutra &#8211; Entrevista a Carlos Hurtado, director del Centro de Estudios Econ\u00f3micos del Sector Privado, sobre el sector el\u00e9ctrico en Francia\" tabindex=\"-1\" >\n\t\t\tRead More \u00bb\t\t<\/a>\n\n\t\t\t\t<\/div>\n\t\t\t\t<\/article>\n\t\t\t\t<\/div>\n\t\t\n\t\t\t\t\t\t<\/div>\n\t\t\t\t<\/div>\n\t\t\t\t\t<\/div>\n\t\t<\/div>\n\t\t\t\t<div class=\"elementor-column elementor-col-33 elementor-top-column elementor-element elementor-element-229066d\" data-id=\"229066d\" data-element_type=\"column\" data-e-type=\"column\">\n\t\t\t<div class=\"elementor-widget-wrap elementor-element-populated\">\n\t\t\t\t\t\t<div class=\"elementor-element elementor-element-705ca80 elementor-widget elementor-widget-html\" data-id=\"705ca80\" data-element_type=\"widget\" data-e-type=\"widget\" data-widget_type=\"html.default\">\n\t\t\t\t<div class=\"elementor-widget-container\">\n\t\t\t\t\t<a class=\"twitter-timeline\" data-lang=\"es\" data-height=\"500\" data-theme=\"dark\" href=\"https:\/\/twitter.com\/CEESP1?ref_src=twsrc%5Etfw\">Tweets by CEESP1<\/a> <script async src=\"https:\/\/platform.twitter.com\/widgets.js\" charset=\"utf-8\"><\/script>\t\t\t\t<\/div>\n\t\t\t\t<\/div>\n\t\t\t\t\t<\/div>\n\t\t<\/div>\n\t\t\t\t\t<\/div>\n\t\t<\/section>\n\t\t\t\t<section class=\"elementor-section elementor-top-section elementor-element elementor-element-5cfb713 elementor-section-boxed elementor-section-height-default elementor-section-height-default\" data-id=\"5cfb713\" data-element_type=\"section\" data-e-type=\"section\">\n\t\t\t\t\t\t<div class=\"elementor-container elementor-column-gap-default\">\n\t\t\t\t\t<div class=\"elementor-column elementor-col-100 elementor-top-column elementor-element elementor-element-04a983a\" data-id=\"04a983a\" data-element_type=\"column\" data-e-type=\"column\">\n\t\t\t<div class=\"elementor-widget-wrap elementor-element-populated\">\n\t\t\t\t\t\t<div class=\"elementor-element elementor-element-e8e4c0d elementor-widget elementor-widget-spacer\" data-id=\"e8e4c0d\" data-element_type=\"widget\" data-e-type=\"widget\" data-widget_type=\"spacer.default\">\n\t\t\t\t<div class=\"elementor-widget-container\">\n\t\t\t\t\t\t\t<div class=\"elementor-spacer\">\n\t\t\t<div class=\"elementor-spacer-inner\"><\/div>\n\t\t<\/div>\n\t\t\t\t\t\t<\/div>\n\t\t\t\t<\/div>\n\t\t\t\t\t<\/div>\n\t\t<\/div>\n\t\t\t\t\t<\/div>\n\t\t<\/section>\n\t\t\t\t<section class=\"elementor-section elementor-top-section elementor-element elementor-element-1f6dd8a elementor-section-boxed elementor-section-height-default elementor-section-height-default\" data-id=\"1f6dd8a\" data-element_type=\"section\" data-e-type=\"section\">\n\t\t\t\t\t\t<div class=\"elementor-container elementor-column-gap-default\">\n\t\t\t\t\t<div class=\"elementor-column elementor-col-100 elementor-top-column elementor-element elementor-element-77902d5\" data-id=\"77902d5\" data-element_type=\"column\" data-e-type=\"column\">\n\t\t\t<div class=\"elementor-widget-wrap elementor-element-populated\">\n\t\t\t\t\t\t<div class=\"elementor-element elementor-element-44decbb elementor-widget elementor-widget-image\" data-id=\"44decbb\" data-element_type=\"widget\" data-e-type=\"widget\" data-widget_type=\"image.default\">\n\t\t\t\t<div class=\"elementor-widget-container\">\n\t\t\t\t\t\t\t\t\t\t\t\t\t\t\t\t<a href=\"https:\/\/www.mapadecorrupcion.mx\/\" target=\"_blank\">\n\t\t\t\t\t\t\t<img fetchpriority=\"high\" decoding=\"async\" width=\"1024\" height=\"535\" src=\"http:\/\/ceesp.org.mx\/wp-content\/uploads\/2022\/06\/Mapa-de-corrupcion.png\" class=\"attachment-large size-large wp-image-1276\" alt=\"\" srcset=\"http:\/\/ceesp.org.mx\/wp-content\/uploads\/2022\/06\/Mapa-de-corrupcion.png 1024w, http:\/\/ceesp.org.mx\/wp-content\/uploads\/2022\/06\/Mapa-de-corrupcion-300x157.png 300w, http:\/\/ceesp.org.mx\/wp-content\/uploads\/2022\/06\/Mapa-de-corrupcion-768x401.png 768w\" sizes=\"(max-width: 1024px) 100vw, 1024px\" \/>\t\t\t\t\t\t\t\t<\/a>\n\t\t\t\t\t\t\t\t\t\t\t\t\t\t\t<\/div>\n\t\t\t\t<\/div>\n\t\t\t\t\t<\/div>\n\t\t<\/div>\n\t\t\t\t\t<\/div>\n\t\t<\/section>\n\t\t\t\t<section class=\"elementor-section elementor-top-section elementor-element elementor-element-55ddc11 elementor-section-boxed elementor-section-height-default elementor-section-height-default\" data-id=\"55ddc11\" data-element_type=\"section\" data-e-type=\"section\">\n\t\t\t\t\t\t<div class=\"elementor-container elementor-column-gap-default\">\n\t\t\t\t\t<div class=\"elementor-column elementor-col-100 elementor-top-column elementor-element elementor-element-8ba482e\" data-id=\"8ba482e\" data-element_type=\"column\" data-e-type=\"column\">\n\t\t\t<div class=\"elementor-widget-wrap elementor-element-populated\">\n\t\t\t\t\t\t<div class=\"elementor-element elementor-element-c7898a3 elementor-widget elementor-widget-spacer\" data-id=\"c7898a3\" data-element_type=\"widget\" data-e-type=\"widget\" data-widget_type=\"spacer.default\">\n\t\t\t\t<div class=\"elementor-widget-container\">\n\t\t\t\t\t\t\t<div class=\"elementor-spacer\">\n\t\t\t<div class=\"elementor-spacer-inner\"><\/div>\n\t\t<\/div>\n\t\t\t\t\t\t<\/div>\n\t\t\t\t<\/div>\n\t\t\t\t\t<\/div>\n\t\t<\/div>\n\t\t\t\t\t<\/div>\n\t\t<\/section>\n\t\t\t\t<section class=\"elementor-section elementor-top-section elementor-element elementor-element-3fc0093 elementor-section-boxed elementor-section-height-default elementor-section-height-default\" data-id=\"3fc0093\" data-element_type=\"section\" data-e-type=\"section\">\n\t\t\t\t\t\t<div class=\"elementor-container elementor-column-gap-default\">\n\t\t\t\t\t<div class=\"elementor-column elementor-col-100 elementor-top-column elementor-element elementor-element-7bd4df4\" data-id=\"7bd4df4\" data-element_type=\"column\" data-e-type=\"column\">\n\t\t\t<div class=\"elementor-widget-wrap elementor-element-populated\">\n\t\t\t\t\t\t<div class=\"elementor-element elementor-element-77399c6 elementor-widget elementor-widget-video\" data-id=\"77399c6\" data-element_type=\"widget\" data-e-type=\"widget\" data-settings=\"{&quot;youtube_url&quot;:&quot;https:\\\/\\\/youtu.be\\\/RE_hl-BMZMk&quot;,&quot;video_type&quot;:&quot;youtube&quot;,&quot;controls&quot;:&quot;yes&quot;}\" data-widget_type=\"video.default\">\n\t\t\t\t<div class=\"elementor-widget-container\">\n\t\t\t\t\t\t\t<div class=\"elementor-wrapper elementor-open-inline\">\n\t\t\t<div class=\"elementor-video\"><\/div>\t\t<\/div>\n\t\t\t\t\t\t<\/div>\n\t\t\t\t<\/div>\n\t\t\t\t\t<\/div>\n\t\t<\/div>\n\t\t\t\t\t<\/div>\n\t\t<\/section>\n\t\t\t\t<section class=\"elementor-section elementor-top-section elementor-element elementor-element-4b98541 elementor-section-boxed elementor-section-height-default elementor-section-height-default\" data-id=\"4b98541\" data-element_type=\"section\" data-e-type=\"section\">\n\t\t\t\t\t\t<div class=\"elementor-container elementor-column-gap-default\">\n\t\t\t\t\t<div class=\"elementor-column elementor-col-100 elementor-top-column elementor-element elementor-element-e03c280\" data-id=\"e03c280\" data-element_type=\"column\" data-e-type=\"column\">\n\t\t\t<div class=\"elementor-widget-wrap elementor-element-populated\">\n\t\t\t\t\t\t<div class=\"elementor-element elementor-element-99cc211 elementor-widget elementor-widget-spacer\" data-id=\"99cc211\" data-element_type=\"widget\" data-e-type=\"widget\" data-widget_type=\"spacer.default\">\n\t\t\t\t<div class=\"elementor-widget-container\">\n\t\t\t\t\t\t\t<div class=\"elementor-spacer\">\n\t\t\t<div class=\"elementor-spacer-inner\"><\/div>\n\t\t<\/div>\n\t\t\t\t\t\t<\/div>\n\t\t\t\t<\/div>\n\t\t\t\t\t<\/div>\n\t\t<\/div>\n\t\t\t\t\t<\/div>\n\t\t<\/section>\n\t\t\t\t<section class=\"elementor-section elementor-top-section elementor-element elementor-element-2595e66 elementor-section-boxed elementor-section-height-default elementor-section-height-default\" data-id=\"2595e66\" data-element_type=\"section\" data-e-type=\"section\">\n\t\t\t\t\t\t<div class=\"elementor-container elementor-column-gap-default\">\n\t\t\t\t\t<div class=\"elementor-column elementor-col-100 elementor-top-column elementor-element elementor-element-e9e5bf6\" data-id=\"e9e5bf6\" data-element_type=\"column\" data-e-type=\"column\">\n\t\t\t<div class=\"elementor-widget-wrap elementor-element-populated\">\n\t\t\t\t\t\t<div class=\"elementor-element elementor-element-4245689 elementor-widget elementor-widget-image\" data-id=\"4245689\" data-element_type=\"widget\" data-e-type=\"widget\" data-widget_type=\"image.default\">\n\t\t\t\t<div class=\"elementor-widget-container\">\n\t\t\t\t\t\t\t\t\t\t\t\t\t\t\t\t<a href=\"https:\/\/www.sistemaeficiencia.mx\/\" target=\"_blank\">\n\t\t\t\t\t\t\t<img loading=\"lazy\" decoding=\"async\" width=\"1024\" height=\"466\" src=\"http:\/\/ceesp.org.mx\/wp-content\/uploads\/2022\/06\/Sistema-eficiencia.png\" class=\"attachment-large size-large wp-image-1280\" alt=\"\" srcset=\"http:\/\/ceesp.org.mx\/wp-content\/uploads\/2022\/06\/Sistema-eficiencia.png 1024w, http:\/\/ceesp.org.mx\/wp-content\/uploads\/2022\/06\/Sistema-eficiencia-300x137.png 300w, http:\/\/ceesp.org.mx\/wp-content\/uploads\/2022\/06\/Sistema-eficiencia-768x350.png 768w\" sizes=\"(max-width: 1024px) 100vw, 1024px\" \/>\t\t\t\t\t\t\t\t<\/a>\n\t\t\t\t\t\t\t\t\t\t\t\t\t\t\t<\/div>\n\t\t\t\t<\/div>\n\t\t\t\t\t<\/div>\n\t\t<\/div>\n\t\t\t\t\t<\/div>\n\t\t<\/section>\n\t\t\t\t<\/div>\n\t\t","protected":false},"excerpt":{"rendered":"<p>LOS EST\u00cdMULOS A LOS COMBUSTIBLESAn\u00e1lisis Econ\u00f3mico Ejecutivo Ver m\u00e1sEmpresarios presentan propuestas de pol\u00edtica p\u00fablicaVer m\u00e1s CEESP EN LOS MEDIOS Tweets by CEESP1<\/p>\n","protected":false},"author":1,"featured_media":0,"parent":0,"menu_order":0,"comment_status":"closed","ping_status":"closed","template":"","meta":{"footnotes":""},"class_list":["post-380","page","type-page","status-publish","hentry"],"_links":{"self":[{"href":"http:\/\/ceesp.org.mx\/index.php\/wp-json\/wp\/v2\/pages\/380","targetHints":{"allow":["GET"]}}],"collection":[{"href":"http:\/\/ceesp.org.mx\/index.php\/wp-json\/wp\/v2\/pages"}],"about":[{"href":"http:\/\/ceesp.org.mx\/index.php\/wp-json\/wp\/v2\/types\/page"}],"author":[{"embeddable":true,"href":"http:\/\/ceesp.org.mx\/index.php\/wp-json\/wp\/v2\/users\/1"}],"replies":[{"embeddable":true,"href":"http:\/\/ceesp.org.mx\/index.php\/wp-json\/wp\/v2\/comments?post=380"}],"version-history":[{"count":609,"href":"http:\/\/ceesp.org.mx\/index.php\/wp-json\/wp\/v2\/pages\/380\/revisions"}],"predecessor-version":[{"id":2358,"href":"http:\/\/ceesp.org.mx\/index.php\/wp-json\/wp\/v2\/pages\/380\/revisions\/2358"}],"wp:attachment":[{"href":"http:\/\/ceesp.org.mx\/index.php\/wp-json\/wp\/v2\/media?parent=380"}],"curies":[{"name":"wp","href":"https:\/\/api.w.org\/{rel}","templated":true}]}}